{"id":160,"date":"2021-11-04T22:28:49","date_gmt":"2021-11-04T21:28:49","guid":{"rendered":"https:\/\/wrts-gmbh.de\/wordpress\/datenschutzerklaerung-2\/"},"modified":"2021-12-24T17:46:43","modified_gmt":"2021-12-24T16:46:43","slug":"datenschutzerklaerung-2","status":"publish","type":"page","link":"https:\/\/wrts-gmbh.de\/wordpress\/datenschutzerklaerung\/datenschutzerklaerung-2\/","title":{"rendered":"Cookies-Erkl\u00e4rung"},"content":{"rendered":"\n<p class=\"has-text-color has-small-font-size\" style=\"color:#aeaeae\">Wir verwenden Cookies, um Inhalte und Anzeigen zu personalisieren, Funktionen f\u00fcr soziale Medien anbieten zu k\u00f6nnen und die Zugriffe auf unsere Website evtl. zu analysieren. Dabei werden Informationen zu Ihrer Verwendung unserer Website an unsere Partner f\u00fcr soziale Medien, Werbung und Analysen weitergegeben, die diese m\u00f6glicherweise mit weiteren Daten zusammenf\u00fchren, die Sie ihnen bereits auf anderen Wegen bereitgestellt oder im Rahmen Ihrer eigenen Nutzung von anderen Diensten gesammelt haben. Sie geben Einwilligung zu unseren Cookies, wenn Sie unsere Webseite weiterhin nutzen.<\/p>\n","protected":false},"excerpt":{"rendered":"<p>Wir verwenden Cookies, um Inhalte und Anzeigen zu personalisieren, Funktionen f\u00fcr soziale Medien anbieten zu k\u00f6nnen und die Zugriffe auf unsere Website evtl. zu analysieren. Dabei werden Informationen zu Ihrer Verwendung unserer Website an unsere Partner f\u00fcr soziale Medien, Werbung und Analysen weitergegeben, die diese m\u00f6glicherweise mit weiteren Daten zusammenf\u00fchren, die Sie ihnen bereits auf [&hellip;]<\/p>\n","protected":false},"author":1,"featured_media":0,"parent":3,"menu_order":0,"comment_status":"closed","ping_status":"closed","template":"","meta":{"footnotes":""},"class_list":["post-160","page","type-page","status-publish","hentry"],"_links":{"self":[{"href":"https:\/\/wrts-gmbh.de\/wordpress\/wp-json\/wp\/v2\/pages\/160","targetHints":{"allow":["GET"]}}],"collection":[{"href":"https:\/\/wrts-gmbh.de\/wordpress\/wp-json\/wp\/v2\/pages"}],"about":[{"href":"https:\/\/wrts-gmbh.de\/wordpress\/wp-json\/wp\/v2\/types\/page"}],"author":[{"embeddable":true,"href":"https:\/\/wrts-gmbh.de\/wordpress\/wp-json\/wp\/v2\/users\/1"}],"replies":[{"embeddable":true,"href":"https:\/\/wrts-gmbh.de\/wordpress\/wp-json\/wp\/v2\/comments?post=160"}],"version-history":[{"count":4,"href":"https:\/\/wrts-gmbh.de\/wordpress\/wp-json\/wp\/v2\/pages\/160\/revisions"}],"predecessor-version":[{"id":347,"href":"https:\/\/wrts-gmbh.de\/wordpress\/wp-json\/wp\/v2\/pages\/160\/revisions\/347"}],"up":[{"embeddable":true,"href":"https:\/\/wrts-gmbh.de\/wordpress\/wp-json\/wp\/v2\/pages\/3"}],"wp:attachment":[{"href":"https:\/\/wrts-gmbh.de\/wordpress\/wp-json\/wp\/v2\/media?parent=160"}],"curies":[{"name":"wp","href":"https:\/\/api.w.org\/{rel}","templated":true}]}}