{"id":164,"date":"2021-11-04T22:46:16","date_gmt":"2021-11-04T21:46:16","guid":{"rendered":"https:\/\/wrts-gmbh.de\/wordpress\/?page_id=164"},"modified":"2022-08-27T17:43:14","modified_gmt":"2022-08-27T15:43:14","slug":"jahresabschluss","status":"publish","type":"page","link":"https:\/\/wrts-gmbh.de\/wordpress\/leistungen\/jahresabschluss\/","title":{"rendered":"Jahresabschluss"},"content":{"rendered":"<div class=\"wp-block-image\">\n<figure class=\"alignleft size-medium is-resized\"><img loading=\"lazy\" decoding=\"async\" src=\"https:\/\/wrts-gmbh.de\/wordpress\/wp-content\/uploads\/2021\/11\/Sonst-156x300.jpg\" alt=\"\" class=\"wp-image-318\" width=\"205\" height=\"394\" srcset=\"https:\/\/wrts-gmbh.de\/wordpress\/wp-content\/uploads\/2021\/11\/Sonst-156x300.jpg 156w, https:\/\/wrts-gmbh.de\/wordpress\/wp-content\/uploads\/2021\/11\/Sonst.jpg 534w\" sizes=\"auto, (max-width: 205px) 100vw, 205px\" \/><\/figure>\n<\/div>\n\n\n<p style=\"font-size:14px\">Die termingerechte und pr\u00e4zise Erstellung des Jahresabschlusses geh\u00f6rt zu einer der<br>wichtigsten T\u00e4tigkeiten eines Unternehmers. Der Jahresabschluss hat nicht nur eine<br>Informationsfunktion, sondern ist insbesondere auch Grundlage f\u00fcr die gesamte Besteuerung.<br>Auch bei Gespr\u00e4chen mit ihrem Finanzierungspartner ist der Jahresabschluss die wichtigste<br>Informationsquelle.<br><br>Im Rahmen dieser bedeutsamen Aufgaben&nbsp; stehen wir Ihnen gerne u.a. mit folgenden<br>Leistungen zur Seite:<\/p>\n\n\n\n<ul class=\"wp-block-list\" style=\"font-size:14px\"><li>Erstellung Ihres Jahresabschlusses nach handelsrechtlichen Vorschriften (HGB) und<br>Steuerrecht mit\/ohne Plausibilisierung bzw. Pr\u00fcfungshandlungen.<ul><li>Hilfestellung bei der Erstellung von Anhang und Lagebericht.<\/li><\/ul><\/li><li>Gewinnermittlung \/ Erstellung einer Einnahmen-\/\u00dcberschussrechnung.<\/li><li>Anfertigung eines Erstellungsberichts unter Ber\u00fccksichtigung berufsspezifischen<br>Vorgaben der Steuerberaterkammer.<\/li><li>Ver\u00f6ffentlichung des Jahresabschlusses im elektronischen Bundesanzeiger.<\/li><li>Sonderformen von Abschl\u00fcssen (Er\u00f6ffnungsbilanzen, Zwischenabschl\u00fcsse,<br>Liquidationsbilanzen, Auseinandersetzungsbilanzen etc.)<\/li><\/ul>\n","protected":false},"excerpt":{"rendered":"<p>Die termingerechte und pr\u00e4zise Erstellung des Jahresabschlusses geh\u00f6rt zu einer derwichtigsten T\u00e4tigkeiten eines Unternehmers. Der Jahresabschluss hat nicht nur eineInformationsfunktion, sondern ist insbesondere auch Grundlage f\u00fcr die gesamte Besteuerung.Auch bei Gespr\u00e4chen mit ihrem Finanzierungspartner ist der Jahresabschluss die wichtigsteInformationsquelle. Im Rahmen dieser bedeutsamen Aufgaben&nbsp; stehen wir Ihnen gerne u.a. mit folgendenLeistungen zur Seite: Erstellung Ihres [&hellip;]<\/p>\n","protected":false},"author":1,"featured_media":0,"parent":87,"menu_order":0,"comment_status":"closed","ping_status":"closed","template":"","meta":{"footnotes":""},"class_list":["post-164","page","type-page","status-publish","hentry"],"_links":{"self":[{"href":"https:\/\/wrts-gmbh.de\/wordpress\/wp-json\/wp\/v2\/pages\/164","targetHints":{"allow":["GET"]}}],"collection":[{"href":"https:\/\/wrts-gmbh.de\/wordpress\/wp-json\/wp\/v2\/pages"}],"about":[{"href":"https:\/\/wrts-gmbh.de\/wordpress\/wp-json\/wp\/v2\/types\/page"}],"author":[{"embeddable":true,"href":"https:\/\/wrts-gmbh.de\/wordpress\/wp-json\/wp\/v2\/users\/1"}],"replies":[{"embeddable":true,"href":"https:\/\/wrts-gmbh.de\/wordpress\/wp-json\/wp\/v2\/comments?post=164"}],"version-history":[{"count":10,"href":"https:\/\/wrts-gmbh.de\/wordpress\/wp-json\/wp\/v2\/pages\/164\/revisions"}],"predecessor-version":[{"id":369,"href":"https:\/\/wrts-gmbh.de\/wordpress\/wp-json\/wp\/v2\/pages\/164\/revisions\/369"}],"up":[{"embeddable":true,"href":"https:\/\/wrts-gmbh.de\/wordpress\/wp-json\/wp\/v2\/pages\/87"}],"wp:attachment":[{"href":"https:\/\/wrts-gmbh.de\/wordpress\/wp-json\/wp\/v2\/media?parent=164"}],"curies":[{"name":"wp","href":"https:\/\/api.w.org\/{rel}","templated":true}]}}