{"id":196,"date":"2021-11-05T18:39:07","date_gmt":"2021-11-05T17:39:07","guid":{"rendered":"https:\/\/wrts-gmbh.de\/wordpress\/?page_id=196"},"modified":"2022-08-27T17:37:41","modified_gmt":"2022-08-27T15:37:41","slug":"buchhaltung","status":"publish","type":"page","link":"https:\/\/wrts-gmbh.de\/wordpress\/leistungen\/buchhaltung\/","title":{"rendered":"Buchhaltung"},"content":{"rendered":"<div class=\"wp-block-image\">\n<figure class=\"alignleft size-full is-resized\"><img loading=\"lazy\" decoding=\"async\" src=\"https:\/\/wrts-gmbh.de\/wordpress\/wp-content\/uploads\/2021\/11\/Fibu.jpg\" alt=\"\" class=\"wp-image-317\" width=\"236\" height=\"400\"\/><\/figure>\n<\/div>\n\n\n<p class=\"has-text-color\" style=\"color:#6d6d6d;font-size:14px\">Die Basis jeder sicheren Planung ist das pr\u00e4zise Wissen um die eigene finanzielle Gegenwart. Die\u00a0<strong>Finanzbuchhaltung<\/strong>\u00a0als Grundlage solchen wirtschaftlichen Wissens ist also mehr als die Erf\u00fcllung einer ungeliebten gesetzlichen Pflicht zur gewissenhafte Sammlung und Erfassung aller Belege des Unternehmens. Die Arbeitgeberpflichten rund um\u00a0<strong>Lohn und Gehalt<\/strong>\u00a0z\u00e4hlen l\u00e4ngst zu den kompliziertesten Materien des Rechts, umfassen sie doch weit mehr als Fragen des Lohnsteuerabzugs. Nicht selten unterliegen die Arbeitgeberpflichten der Pr\u00fcfung durch Finanzbeh\u00f6rden, Sozialversicherungstr\u00e4gern und Arbeitsagenturen. Damit ihre Interessen dabei gewahrt werden empfehlen wir eine professionelle Bearbeitung der Finanz- und Lohnbuchhaltung. Unsere Leistungen f\u00fcr Sie k\u00f6nnen wie folgt aussehen:<br><\/p>\n\n\n\n<ul class=\"has-text-color wp-block-list\" style=\"color:#6d6d6d;font-size:14px\"><li>Aufbau, Einrichtung und Erstellen der laufenden Finanzbuchhaltung sowie der Lohnbuchhaltung<\/li><li>Unterst\u00fctzung und Schulung von Mitarbeitern bei der eigenen Bearbeitung der Finanz- und Lohnbuchhaltung<\/li><li>Anfertigung betriebswirtschaftlicher Auswertung (BWA) bspw. mit Auswertung des monatlichen Betriebsergebnisses<\/li><li>Berechnung der Lohnabgaben<\/li><li>An- und Abmeldungen bei den Sozialversicherungstr\u00e4gern<\/li><li>Berechnung von Urlaubs-, Feiertags- und Krankenentgelt<\/li><li>Kl\u00e4rung steuer- und sozialversicherungsrechtlicher Fragen<\/li><li>Unterst\u00fctzung bei Lohnsteuer- und Sozialversicherungspr\u00fcfungen<\/li><\/ul>\n","protected":false},"excerpt":{"rendered":"<p>Die Basis jeder sicheren Planung ist das pr\u00e4zise Wissen um die eigene finanzielle Gegenwart. Die\u00a0Finanzbuchhaltung\u00a0als Grundlage solchen wirtschaftlichen Wissens ist also mehr als die Erf\u00fcllung einer ungeliebten gesetzlichen Pflicht zur gewissenhafte Sammlung und Erfassung aller Belege des Unternehmens. Die Arbeitgeberpflichten rund um\u00a0Lohn und Gehalt\u00a0z\u00e4hlen l\u00e4ngst zu den kompliziertesten Materien des Rechts, umfassen sie doch weit [&hellip;]<\/p>\n","protected":false},"author":1,"featured_media":0,"parent":87,"menu_order":0,"comment_status":"closed","ping_status":"closed","template":"","meta":{"footnotes":""},"class_list":["post-196","page","type-page","status-publish","hentry"],"_links":{"self":[{"href":"https:\/\/wrts-gmbh.de\/wordpress\/wp-json\/wp\/v2\/pages\/196","targetHints":{"allow":["GET"]}}],"collection":[{"href":"https:\/\/wrts-gmbh.de\/wordpress\/wp-json\/wp\/v2\/pages"}],"about":[{"href":"https:\/\/wrts-gmbh.de\/wordpress\/wp-json\/wp\/v2\/types\/page"}],"author":[{"embeddable":true,"href":"https:\/\/wrts-gmbh.de\/wordpress\/wp-json\/wp\/v2\/users\/1"}],"replies":[{"embeddable":true,"href":"https:\/\/wrts-gmbh.de\/wordpress\/wp-json\/wp\/v2\/comments?post=196"}],"version-history":[{"count":9,"href":"https:\/\/wrts-gmbh.de\/wordpress\/wp-json\/wp\/v2\/pages\/196\/revisions"}],"predecessor-version":[{"id":361,"href":"https:\/\/wrts-gmbh.de\/wordpress\/wp-json\/wp\/v2\/pages\/196\/revisions\/361"}],"up":[{"embeddable":true,"href":"https:\/\/wrts-gmbh.de\/wordpress\/wp-json\/wp\/v2\/pages\/87"}],"wp:attachment":[{"href":"https:\/\/wrts-gmbh.de\/wordpress\/wp-json\/wp\/v2\/media?parent=196"}],"curies":[{"name":"wp","href":"https:\/\/api.w.org\/{rel}","templated":true}]}}