{"id":90,"date":"2021-11-04T21:21:51","date_gmt":"2021-11-04T20:21:51","guid":{"rendered":"https:\/\/wrts-gmbh.de\/wordpress\/?page_id=90"},"modified":"2021-11-04T21:42:28","modified_gmt":"2021-11-04T20:42:28","slug":"ueber-uns","status":"publish","type":"page","link":"https:\/\/wrts-gmbh.de\/wordpress\/ueber-uns\/","title":{"rendered":"\u00dcber Uns"},"content":{"rendered":"\n<p style=\"font-size:14px\">Wir sind eine Steuerberatungsgesellschaft f\u00fcr Unternehmen und Privatpersonen,<br>die Sie in vielen steuerlichen Fragestellungen beraten kann.<br><br>Unsere <a href=\"https:\/\/wrts-gmbh.de\/wordpress\/Leistungen\" data-type=\"page\">Leistungen <\/a>umfassen neben der allgemeine Steuerberatung zur Erf\u00fcllung Ihrer<br>steuerlichen Pflichten, insbesondere Fragestellungen zur Immobilienbesteuerung,<br>der Nachfolgeberatung sowie der Besteuerung gemeinn\u00fctziger Organisationen.<\/p>\n\n\n\n<p style=\"font-size:14px\">Daneben beraten wir Sie bei der Jahresabschlusserstellung, der Finanz- und Lohnbuchhaltung<br>sowie aller Fragen der Unternehmenbesteuerung aus den Bereichen K\u00f6rperschaftssteuer,<br>Gewerbesteuer und Umsatzsteuer. Die Gewinnermittlung nach Betriebsverm\u00f6gensvergleich<br>oder Einnahme-\/\u00dcberschussrechnung (E\u00dcR) stellt dabei zumeist den Ausgangspunkt dar.<\/p>\n\n\n\n<p style=\"font-size:14px\">Zu unseren Kunden geh\u00f6ren neben vielen Privatpersonen insbesondere auch kleine und<br>mittelst\u00e4ndische Unternehmen verschiedener Branchen. Dazu z\u00e4hlen beispielsweise<br>Handwerksbetriebe, Hightec-Unternehmen, Betriebe aus der Gesundheitsbranche<br>(z.B. \u00c4rzte \/ Apotheken) oder auch Kunstgalerien.<\/p>\n\n\n\n<p style=\"font-size:14px\">Wir sind aus einer alt eingesessenen Wiesbadener Steuerkanzlei hervorgegangen. Daher sind<br>uns langj\u00e4hrige Kundenbeziehungen besonders wichtig. Darin liegt nicht nur ein Gradmesser f\u00fcr<br>hochwertige Beratung, sondern auch f\u00fcr die uns besonders wichtige Kundenzufriedenheit.<\/p>\n\n\n\n<p style=\"font-size:14px\">Unser <a href=\"http:\/\/wrts-gmbh.de\/wordpress\/team\">Team<\/a> besteht neben zwei Steuerberatern aus sechs hochmotivierten und erfahrenen<br>Mitarbeitern, die sich gerne und professionell um Ihre steuerlichen Fragen k\u00fcmmern.<\/p>\n","protected":false},"excerpt":{"rendered":"<p>Wir sind eine Steuerberatungsgesellschaft f\u00fcr Unternehmen und Privatpersonen,die Sie in vielen steuerlichen Fragestellungen beraten kann. Unsere Leistungen umfassen neben der allgemeine Steuerberatung zur Erf\u00fcllung Ihrersteuerlichen Pflichten, insbesondere Fragestellungen zur Immobilienbesteuerung,der Nachfolgeberatung sowie der Besteuerung gemeinn\u00fctziger Organisationen. Daneben beraten wir Sie bei der Jahresabschlusserstellung, der Finanz- und Lohnbuchhaltungsowie aller Fragen der Unternehmenbesteuerung aus den Bereichen K\u00f6rperschaftssteuer,Gewerbesteuer [&hellip;]<\/p>\n","protected":false},"author":1,"featured_media":0,"parent":0,"menu_order":0,"comment_status":"closed","ping_status":"closed","template":"","meta":{"footnotes":""},"class_list":["post-90","page","type-page","status-publish","hentry"],"_links":{"self":[{"href":"https:\/\/wrts-gmbh.de\/wordpress\/wp-json\/wp\/v2\/pages\/90","targetHints":{"allow":["GET"]}}],"collection":[{"href":"https:\/\/wrts-gmbh.de\/wordpress\/wp-json\/wp\/v2\/pages"}],"about":[{"href":"https:\/\/wrts-gmbh.de\/wordpress\/wp-json\/wp\/v2\/types\/page"}],"author":[{"embeddable":true,"href":"https:\/\/wrts-gmbh.de\/wordpress\/wp-json\/wp\/v2\/users\/1"}],"replies":[{"embeddable":true,"href":"https:\/\/wrts-gmbh.de\/wordpress\/wp-json\/wp\/v2\/comments?post=90"}],"version-history":[{"count":4,"href":"https:\/\/wrts-gmbh.de\/wordpress\/wp-json\/wp\/v2\/pages\/90\/revisions"}],"predecessor-version":[{"id":148,"href":"https:\/\/wrts-gmbh.de\/wordpress\/wp-json\/wp\/v2\/pages\/90\/revisions\/148"}],"wp:attachment":[{"href":"https:\/\/wrts-gmbh.de\/wordpress\/wp-json\/wp\/v2\/media?parent=90"}],"curies":[{"name":"wp","href":"https:\/\/api.w.org\/{rel}","templated":true}]}}