{"id":94,"date":"2021-11-04T21:15:06","date_gmt":"2021-11-04T20:15:06","guid":{"rendered":"https:\/\/wrts-gmbh.de\/wordpress\/?page_id=94"},"modified":"2021-12-24T17:56:33","modified_gmt":"2021-12-24T16:56:33","slug":"team","status":"publish","type":"page","link":"https:\/\/wrts-gmbh.de\/wordpress\/ueber-uns\/team\/","title":{"rendered":"Team"},"content":{"rendered":"\n<div class=\"wp-block-columns is-layout-flex wp-container-core-columns-is-layout-9d6595d7 wp-block-columns-is-layout-flex\">\n<div class=\"wp-block-column is-layout-flow wp-block-column-is-layout-flow\" style=\"flex-basis:33.33%\">\n<p class=\"has-text-color\" style=\"color:#7d7d7b\">Dipl. Kfm.<br><strong>Frank Wodtke<\/strong><br><em>Steuerberater<\/em><br>&#8211; Inhaber &#8211;<br><br><\/p>\n<\/div>\n\n\n\n<div class=\"wp-block-column is-layout-flow wp-block-column-is-layout-flow\" style=\"flex-basis:66.66%\">\n<p class=\"has-text-color\" style=\"color:#7d7d7b;font-size:14px\">Herr Wodtke ist Gesch\u00e4ftsf\u00fchrer und seit 2006 zugelassener <br>Steuerberater. Seine Schwerpunkte liegen in der Beratung von <br>Unternehmen und Privatpersonen sowie auf dem Gebiet der <br>Nachfolgeberatung, Immobilienbesteuerung und <br>Unternehmensumstrukturierungen.<br><br>Er kann nach seinem Abschluss als Dipl.-Kfm. an der <br>Julius-Maximilians Universit\u00e4t W\u00fcrzburg im Jahr 1998 auf eine <br>mehr als 10-j\u00e4hrige T\u00e4tigkeit bei einer gro\u00dfen Steuer- und <br>Wirtschaftspr\u00fcfungsgesellschaft zur\u00fcckblicken, bevor er mit <br>viel Enthusiasmus und vollem Einsatz bis heute in der eigenen <br>Steuerkanzlei t\u00e4tig wurde.<br> <\/p>\n<\/div>\n<\/div>\n\n\n\n<div class=\"wp-block-columns is-layout-flex wp-container-core-columns-is-layout-9d6595d7 wp-block-columns-is-layout-flex\">\n<div class=\"wp-block-column is-layout-flow wp-block-column-is-layout-flow\" style=\"flex-basis:33.33%\">\n<p class=\"has-text-color\" style=\"color:#7d7d7b\"><strong>Dieter Reitz<\/strong><br><em>Steuerberater<\/em><\/p>\n<\/div>\n\n\n\n<div class=\"wp-block-column is-layout-flow wp-block-column-is-layout-flow\" style=\"flex-basis:66.66%\">\n<p class=\"has-text-color\" style=\"color:#7d7d7b;font-size:14px\">Herr Reitz ist seit 1977 zugelassener Steuerberater.<br>Nach seiner Verabschiedung in den Ruhestand ist er<br>uns weiterhin freundschaftlich verbunden.<br>Seine Schwerpunkte liegen in der Beratung von<br>Privatpersonen und Unternehmen sowie auf<br>dem Gebiet der Erbschafts- und Schenkungssteuer sowie<br>der gerichtlichen Vertretung.<br>Herr Reitz war langj\u00e4hriges ehrenamtliches Mitglied im<br>Pr\u00fcfungsausschuss der Steuerberaterkammer Hessen.<\/p>\n<\/div>\n<\/div>\n\n\n\n<h2 class=\"wp-block-heading\">Mitarbeiter<\/h2>\n\n\n\n<div class=\"wp-block-columns is-layout-flex wp-container-core-columns-is-layout-9d6595d7 wp-block-columns-is-layout-flex\">\n<div class=\"wp-block-column is-layout-flow wp-block-column-is-layout-flow\" style=\"flex-basis:33.33%\"><\/div>\n\n\n\n<div class=\"wp-block-column is-layout-flow wp-block-column-is-layout-flow\" style=\"flex-basis:66.66%\">\n<p class=\"has-text-color\" style=\"color:#7d7d7b;font-size:14px\">Unsere Mitarbeiter und Mitarbeiterinnen setzen sich zusammen aus hochmotivierten und erfahren Steuerfachangestellten und Bilanzbuchhalter:innen.<br><br>Sie zeichnen sich aus durch langj\u00e4hrige Erfahrungen und Fachkenntnissen in den Bereichen Steuern, Jahresabschluss, Buchhaltung und steuerlicher Beratung.<br>  <\/p>\n<\/div>\n<\/div>\n","protected":false},"excerpt":{"rendered":"<p>Dipl. Kfm.Frank WodtkeSteuerberater&#8211; Inhaber &#8211; Herr Wodtke ist Gesch\u00e4ftsf\u00fchrer und seit 2006 zugelassener Steuerberater. Seine Schwerpunkte liegen in der Beratung von Unternehmen und Privatpersonen sowie auf dem Gebiet der Nachfolgeberatung, Immobilienbesteuerung und Unternehmensumstrukturierungen. Er kann nach seinem Abschluss als Dipl.-Kfm. an der Julius-Maximilians Universit\u00e4t W\u00fcrzburg im Jahr 1998 auf eine mehr als 10-j\u00e4hrige T\u00e4tigkeit bei [&hellip;]<\/p>\n","protected":false},"author":1,"featured_media":0,"parent":90,"menu_order":0,"comment_status":"closed","ping_status":"closed","template":"","meta":{"footnotes":""},"class_list":["post-94","page","type-page","status-publish","hentry"],"_links":{"self":[{"href":"https:\/\/wrts-gmbh.de\/wordpress\/wp-json\/wp\/v2\/pages\/94","targetHints":{"allow":["GET"]}}],"collection":[{"href":"https:\/\/wrts-gmbh.de\/wordpress\/wp-json\/wp\/v2\/pages"}],"about":[{"href":"https:\/\/wrts-gmbh.de\/wordpress\/wp-json\/wp\/v2\/types\/page"}],"author":[{"embeddable":true,"href":"https:\/\/wrts-gmbh.de\/wordpress\/wp-json\/wp\/v2\/users\/1"}],"replies":[{"embeddable":true,"href":"https:\/\/wrts-gmbh.de\/wordpress\/wp-json\/wp\/v2\/comments?post=94"}],"version-history":[{"count":10,"href":"https:\/\/wrts-gmbh.de\/wordpress\/wp-json\/wp\/v2\/pages\/94\/revisions"}],"predecessor-version":[{"id":351,"href":"https:\/\/wrts-gmbh.de\/wordpress\/wp-json\/wp\/v2\/pages\/94\/revisions\/351"}],"up":[{"embeddable":true,"href":"https:\/\/wrts-gmbh.de\/wordpress\/wp-json\/wp\/v2\/pages\/90"}],"wp:attachment":[{"href":"https:\/\/wrts-gmbh.de\/wordpress\/wp-json\/wp\/v2\/media?parent=94"}],"curies":[{"name":"wp","href":"https:\/\/api.w.org\/{rel}","templated":true}]}}